{"id":14,"date":"2015-12-22T11:09:25","date_gmt":"2015-12-22T16:09:25","guid":{"rendered":"https:\/\/allseniorscare.wpenginepowered.com\/?page_id=14&#038;lang=fr"},"modified":"2025-08-13T10:55:39","modified_gmt":"2025-08-13T14:55:39","slug":"home","status":"publish","type":"page","link":"https:\/\/asc.hellowebsites.ca\/fr\/","title":{"rendered":"Accueil"},"content":{"rendered":"<h1 style=\"text-align: center;\">Welcome to All Seniors Care Living Centers.<\/h1>\n<h3 style=\"text-align: center;\">Where caring is our number one concern. \u2122<\/h3>\n<p style=\"text-align: center;\">An established name in the world of seniors care, from one of the oldest,<br \/>\nmost respected and accomplished family names in the retirement residence field.<\/p>\n<p class=\"big front_asc_desc\" style=\"text-align: center;\">All Seniors Care Living Centres have quickly grown to the most innovative seniors housing<br \/>\ncompany in Canada. With our experience in delivery of care, programming, services and state\u2013of\u2013the<br \/>\nart design All Seniors Care has demonstrated why we are new benchmark of senior living.<\/p>\n","protected":false},"excerpt":{"rendered":"<p>Welcome to All Seniors Care Living Centers. Where caring is our number one concern. \u2122 An established name in the <\/p>\n<p> <a class=\"link-read-article tp-button\" href=\"https:\/\/asc.hellowebsites.ca\/fr\/\">read more<\/a><\/p>\n","protected":false},"author":8,"featured_media":0,"parent":0,"menu_order":0,"comment_status":"closed","ping_status":"closed","template":"","meta":{"_acf_changed":false,"_lmt_disableupdate":"no","_lmt_disable":"","footnotes":""},"class_list":["post-14","page","type-page","status-publish","hentry"],"acf":[],"yoast_head":"<!-- This site is optimized with the Yoast SEO plugin v23.9 - https:\/\/yoast.com\/wordpress\/plugins\/seo\/ -->\n<title>R\u00e9sidences pour retrait\u00e9s &amp; communaut\u00e9 pour a\u00een\u00e9s | All Seniors Care<\/title>\n<meta name=\"description\" content=\"Votre bien-\u00eatre est notre priorit\u00e9 \u00e0 All Seniors Care, famille de renom dans le domaine des r\u00e9sidences pour retrait\u00e9s &amp; communaut\u00e9s pour a\u00een\u00e9s\" \/>\n<meta name=\"robots\" content=\"noindex, follow, max-snippet:-1, max-image-preview:large, max-video-preview:-1\" \/>\n<meta property=\"og:locale\" content=\"fr_FR\" \/>\n<meta property=\"og:type\" content=\"article\" \/>\n<meta property=\"og:title\" content=\"R\u00e9sidences pour retrait\u00e9s &amp; communaut\u00e9 pour a\u00een\u00e9s | All Seniors Care\" \/>\n<meta property=\"og:description\" content=\"Votre bien-\u00eatre est notre priorit\u00e9 \u00e0 All Seniors Care, famille de renom dans le domaine des r\u00e9sidences pour retrait\u00e9s &amp; communaut\u00e9s pour a\u00een\u00e9s\" \/>\n<meta property=\"og:url\" content=\"https:\/\/asc.hellowebsites.ca\/fr\/\" \/>\n<meta property=\"og:site_name\" content=\"All Seniors Care\" \/>\n<meta property=\"article:publisher\" content=\"https:\/\/www.facebook.com\/allseniorscare\/?fref=ts\" \/>\n<meta property=\"article:modified_time\" content=\"2025-08-13T14:55:39+00:00\" \/>\n<meta name=\"twitter:card\" content=\"summary_large_image\" \/>\n<meta name=\"twitter:site\" content=\"@AllSeniorsCare\" \/>\n<meta name=\"twitter:label1\" content=\"Dur\u00e9e de lecture estim\u00e9e\" \/>\n\t<meta name=\"twitter:data1\" content=\"1 minute\" \/>\n<script type=\"application\/ld+json\" class=\"yoast-schema-graph\">{\"@context\":\"https:\/\/schema.org\",\"@graph\":[{\"@type\":\"WebPage\",\"@id\":\"https:\/\/asc.hellowebsites.ca\/fr\/\",\"url\":\"https:\/\/asc.hellowebsites.ca\/fr\/\",\"name\":\"R\u00e9sidences pour retrait\u00e9s & communaut\u00e9 pour a\u00een\u00e9s | All Seniors Care\",\"isPartOf\":{\"@id\":\"https:\/\/asc.hellowebsites.ca\/#website\"},\"datePublished\":\"2015-12-22T16:09:25+00:00\",\"dateModified\":\"2025-08-13T14:55:39+00:00\",\"description\":\"Votre bien-\u00eatre est notre priorit\u00e9 \u00e0 All Seniors Care, famille de renom dans le domaine des r\u00e9sidences pour retrait\u00e9s & communaut\u00e9s pour a\u00een\u00e9s\",\"breadcrumb\":{\"@id\":\"https:\/\/asc.hellowebsites.ca\/fr\/#breadcrumb\"},\"inLanguage\":\"fr-FR\",\"potentialAction\":[{\"@type\":\"ReadAction\",\"target\":[\"https:\/\/asc.hellowebsites.ca\/fr\/\"]}]},{\"@type\":\"BreadcrumbList\",\"@id\":\"https:\/\/asc.hellowebsites.ca\/fr\/#breadcrumb\",\"itemListElement\":[{\"@type\":\"ListItem\",\"position\":1,\"name\":\"Home\",\"item\":\"https:\/\/asc.hellowebsites.ca\/fr\/\"},{\"@type\":\"ListItem\",\"position\":2,\"name\":\"Accueil\"}]},{\"@type\":\"WebSite\",\"@id\":\"https:\/\/asc.hellowebsites.ca\/#website\",\"url\":\"https:\/\/asc.hellowebsites.ca\/\",\"name\":\"All Seniors Care\",\"description\":\"Where caring is our number one concern. \u2122\",\"publisher\":{\"@id\":\"https:\/\/asc.hellowebsites.ca\/#organization\"},\"potentialAction\":[{\"@type\":\"SearchAction\",\"target\":{\"@type\":\"EntryPoint\",\"urlTemplate\":\"https:\/\/asc.hellowebsites.ca\/?s={search_term_string}\"},\"query-input\":{\"@type\":\"PropertyValueSpecification\",\"valueRequired\":true,\"valueName\":\"search_term_string\"}}],\"inLanguage\":\"fr-FR\"},{\"@type\":\"Organization\",\"@id\":\"https:\/\/asc.hellowebsites.ca\/#organization\",\"name\":\"All Seniors Care\",\"url\":\"https:\/\/asc.hellowebsites.ca\/\",\"logo\":{\"@type\":\"ImageObject\",\"inLanguage\":\"fr-FR\",\"@id\":\"https:\/\/asc.hellowebsites.ca\/#\/schema\/logo\/image\/\",\"url\":\"https:\/\/asc.hellowebsites.ca\/wp-content\/uploads\/2018\/11\/ASC-Logo-Square-1.jpg\",\"contentUrl\":\"https:\/\/asc.hellowebsites.ca\/wp-content\/uploads\/2018\/11\/ASC-Logo-Square-1.jpg\",\"width\":400,\"height\":400,\"caption\":\"All Seniors Care\"},\"image\":{\"@id\":\"https:\/\/asc.hellowebsites.ca\/#\/schema\/logo\/image\/\"},\"sameAs\":[\"https:\/\/www.facebook.com\/allseniorscare\/?fref=ts\",\"https:\/\/x.com\/AllSeniorsCare\",\"https:\/\/www.instagram.com\/allseniorscarelivingcentres\/\",\"https:\/\/www.linkedin.com\/company\/all-seniors-care-living-centres\/?trk=top_nav_home\",\"https:\/\/vm.tiktok.com\/ZSXafuYd\/\",\"https:\/\/www.youtube.com\/user\/allseniorscarelc\"]}]}<\/script>\n<!-- \/ Yoast SEO plugin. -->","yoast_head_json":{"title":"R\u00e9sidences pour retrait\u00e9s & communaut\u00e9 pour a\u00een\u00e9s | All Seniors Care","description":"Votre bien-\u00eatre est notre priorit\u00e9 \u00e0 All Seniors Care, famille de renom dans le domaine des r\u00e9sidences pour retrait\u00e9s & communaut\u00e9s pour a\u00een\u00e9s","robots":{"index":"noindex","follow":"follow","max-snippet":"max-snippet:-1","max-image-preview":"max-image-preview:large","max-video-preview":"max-video-preview:-1"},"og_locale":"fr_FR","og_type":"article","og_title":"R\u00e9sidences pour retrait\u00e9s & communaut\u00e9 pour a\u00een\u00e9s | All Seniors Care","og_description":"Votre bien-\u00eatre est notre priorit\u00e9 \u00e0 All Seniors Care, famille de renom dans le domaine des r\u00e9sidences pour retrait\u00e9s & communaut\u00e9s pour a\u00een\u00e9s","og_url":"https:\/\/asc.hellowebsites.ca\/fr\/","og_site_name":"All Seniors Care","article_publisher":"https:\/\/www.facebook.com\/allseniorscare\/?fref=ts","article_modified_time":"2025-08-13T14:55:39+00:00","twitter_card":"summary_large_image","twitter_site":"@AllSeniorsCare","twitter_misc":{"Dur\u00e9e de lecture estim\u00e9e":"1 minute"},"schema":{"@context":"https:\/\/schema.org","@graph":[{"@type":"WebPage","@id":"https:\/\/asc.hellowebsites.ca\/fr\/","url":"https:\/\/asc.hellowebsites.ca\/fr\/","name":"R\u00e9sidences pour retrait\u00e9s & communaut\u00e9 pour a\u00een\u00e9s | All Seniors Care","isPartOf":{"@id":"https:\/\/asc.hellowebsites.ca\/#website"},"datePublished":"2015-12-22T16:09:25+00:00","dateModified":"2025-08-13T14:55:39+00:00","description":"Votre bien-\u00eatre est notre priorit\u00e9 \u00e0 All Seniors Care, famille de renom dans le domaine des r\u00e9sidences pour retrait\u00e9s & communaut\u00e9s pour a\u00een\u00e9s","breadcrumb":{"@id":"https:\/\/asc.hellowebsites.ca\/fr\/#breadcrumb"},"inLanguage":"fr-FR","potentialAction":[{"@type":"ReadAction","target":["https:\/\/asc.hellowebsites.ca\/fr\/"]}]},{"@type":"BreadcrumbList","@id":"https:\/\/asc.hellowebsites.ca\/fr\/#breadcrumb","itemListElement":[{"@type":"ListItem","position":1,"name":"Home","item":"https:\/\/asc.hellowebsites.ca\/fr\/"},{"@type":"ListItem","position":2,"name":"Accueil"}]},{"@type":"WebSite","@id":"https:\/\/asc.hellowebsites.ca\/#website","url":"https:\/\/asc.hellowebsites.ca\/","name":"All Seniors Care","description":"Where caring is our number one concern. \u2122","publisher":{"@id":"https:\/\/asc.hellowebsites.ca\/#organization"},"potentialAction":[{"@type":"SearchAction","target":{"@type":"EntryPoint","urlTemplate":"https:\/\/asc.hellowebsites.ca\/?s={search_term_string}"},"query-input":{"@type":"PropertyValueSpecification","valueRequired":true,"valueName":"search_term_string"}}],"inLanguage":"fr-FR"},{"@type":"Organization","@id":"https:\/\/asc.hellowebsites.ca\/#organization","name":"All Seniors Care","url":"https:\/\/asc.hellowebsites.ca\/","logo":{"@type":"ImageObject","inLanguage":"fr-FR","@id":"https:\/\/asc.hellowebsites.ca\/#\/schema\/logo\/image\/","url":"https:\/\/asc.hellowebsites.ca\/wp-content\/uploads\/2018\/11\/ASC-Logo-Square-1.jpg","contentUrl":"https:\/\/asc.hellowebsites.ca\/wp-content\/uploads\/2018\/11\/ASC-Logo-Square-1.jpg","width":400,"height":400,"caption":"All Seniors Care"},"image":{"@id":"https:\/\/asc.hellowebsites.ca\/#\/schema\/logo\/image\/"},"sameAs":["https:\/\/www.facebook.com\/allseniorscare\/?fref=ts","https:\/\/x.com\/AllSeniorsCare","https:\/\/www.instagram.com\/allseniorscarelivingcentres\/","https:\/\/www.linkedin.com\/company\/all-seniors-care-living-centres\/?trk=top_nav_home","https:\/\/vm.tiktok.com\/ZSXafuYd\/","https:\/\/www.youtube.com\/user\/allseniorscarelc"]}]}},"_links":{"self":[{"href":"https:\/\/asc.hellowebsites.ca\/fr\/wp-json\/wp\/v2\/pages\/14","targetHints":{"allow":["GET"]}}],"collection":[{"href":"https:\/\/asc.hellowebsites.ca\/fr\/wp-json\/wp\/v2\/pages"}],"about":[{"href":"https:\/\/asc.hellowebsites.ca\/fr\/wp-json\/wp\/v2\/types\/page"}],"author":[{"embeddable":true,"href":"https:\/\/asc.hellowebsites.ca\/fr\/wp-json\/wp\/v2\/users\/8"}],"replies":[{"embeddable":true,"href":"https:\/\/asc.hellowebsites.ca\/fr\/wp-json\/wp\/v2\/comments?post=14"}],"version-history":[{"count":0,"href":"https:\/\/asc.hellowebsites.ca\/fr\/wp-json\/wp\/v2\/pages\/14\/revisions"}],"wp:attachment":[{"href":"https:\/\/asc.hellowebsites.ca\/fr\/wp-json\/wp\/v2\/media?parent=14"}],"curies":[{"name":"wp","href":"https:\/\/api.w.org\/{rel}","templated":true}]}}