{"id":31917,"date":"2019-08-30T10:02:09","date_gmt":"2019-08-30T14:02:09","guid":{"rendered":"https:\/\/allseniorscare.wpenginepowered.com\/fr\/?page_id=31917"},"modified":"2019-08-30T10:08:12","modified_gmt":"2019-08-30T14:08:12","slug":"bourses-detudes-pour-benevoles","status":"publish","type":"page","link":"https:\/\/asc.hellowebsites.ca\/fr\/bourses-detudes-pour-benevoles\/","title":{"rendered":"Bourses d\u2019\u00e9tudes pour b\u00e9n\u00e9voles"},"content":{"rendered":"<p>Nous sommes heureux de vous pr\u00e9senter notre tout nouveau programme de bourses d\u2019\u00e9tudes All Seniors Care.<\/p>\n<p>All Seniors Care est fier de c\u00e9l\u00e9brer et de souligner le d\u00e9vouement des individus qui redonnent \u00e0 la communaut\u00e9 en s&rsquo;engageant b\u00e9n\u00e9volement aupr\u00e8s des a\u00een\u00e9s vivant au c\u0153ur d&rsquo;une de nos magnifiques r\u00e9sidences. Le but est de fournir une aide financi\u00e8re \u00e0 nos \u00e9tudiants b\u00e9n\u00e9voles qui donnent r\u00e9guli\u00e8rement de leur temps et qui mettent leurs talents et leurs comp\u00e9tences aux services des r\u00e9sidents demeurant dans une communaut\u00e9 All Seniors Care.<\/p>\n<p><strong>Admissibilit\u00e9:<\/strong><\/p>\n<ol>\n<li>Doit \u00eatre un \u00e9tudiant au secondaire, au coll\u00e8ge ou \u00e0 l&rsquo;universit\u00e9<\/li>\n<li>Faire du b\u00e9n\u00e9volat au moins 2 heures par semaine pendant un an (au moins 1 activit\u00e9 r\u00e9currente par semaine)<\/li>\n<\/ol>\n<p><strong>Montants des bourses d&rsquo;\u00e9tudes:<\/strong><\/p>\n<ul>\n<li>2 heures de b\u00e9n\u00e9volat : Recevez une bourse d&rsquo;\u00e9tudes de\u00a01,000 $ d\u00e9di\u00e9e \u00e0 vos frais universitaires ou coll\u00e9giaux<\/li>\n<li>4 heures de b\u00e9n\u00e9volat : Recevez une bourse d&rsquo;\u00e9tudes de\u00a02,000 $ d\u00e9di\u00e9e \u00e0 vos frais universitaires ou coll\u00e9giaux<\/li>\n<li>6 heures de b\u00e9n\u00e9volat : Recevez une bourse d&rsquo;\u00e9tudes de\u00a03,000 $ d\u00e9di\u00e9e \u00e0 vos frais universitaires ou coll\u00e9giaux<\/li>\n<\/ul>\n<p><strong>Pour postuler:<\/strong><\/p>\n<ol>\n<li>Remplissez notre formulaire de b\u00e9n\u00e9volat en ligne.<\/li>\n<li>Dans la section \u00ab\u00a0Opportunit\u00e9s actuelles\u00a0\u00bb du formulaire, s\u00e9lectionnez une activit\u00e9 dont vous serez responsable.<\/li>\n<li>Assurez-vous de cocher la case indiquant votre int\u00e9r\u00eat de recevoir la bourse d\u2019\u00e9tudes.<\/li>\n<li>Apr\u00e8s avoir soumis le formulaire, veuillez envoyer votre curriculum vitae \u00e0 <a href=\"mailto:hsilver@asc.hellowebsites.ca\">hsilver@asc.hellowebsites.ca<\/a><\/li>\n<\/ol>\n<h2><strong><a href=\"https:\/\/asc.hellowebsites.ca\/fr\/opportunite-de-benevolat\/\">Postulez maintenant<\/a>.<\/strong><\/h2>\n<p>&nbsp;<\/p>\n<p><img loading=\"lazy\" decoding=\"async\" class=\"aligncenter wp-image-31920\" src=\"https:\/\/asc.hellowebsites.ca\/wp-content\/uploads\/2019\/08\/Volunteer_Poster_colour_FREN2-791x1024.png\" alt=\"\" width=\"434\" height=\"562\" srcset=\"https:\/\/asc.hellowebsites.ca\/wp-content\/uploads\/2019\/08\/Volunteer_Poster_colour_FREN2-791x1024.png 791w, https:\/\/asc.hellowebsites.ca\/wp-content\/uploads\/2019\/08\/Volunteer_Poster_colour_FREN2-232x300.png 232w, https:\/\/asc.hellowebsites.ca\/wp-content\/uploads\/2019\/08\/Volunteer_Poster_colour_FREN2-768x994.png 768w, https:\/\/asc.hellowebsites.ca\/wp-content\/uploads\/2019\/08\/Volunteer_Poster_colour_FREN2.png 1920w\" sizes=\"auto, (max-width: 434px) 100vw, 434px\" \/><\/p>\n","protected":false},"excerpt":{"rendered":"<p>Nous sommes heureux de vous pr\u00e9senter notre tout nouveau programme de bourses d\u2019\u00e9tudes All Seniors Care. All Seniors Care est <\/p>\n<p> <a class=\"link-read-article tp-button\" href=\"https:\/\/asc.hellowebsites.ca\/fr\/bourses-detudes-pour-benevoles\/\">read more<\/a><\/p>\n","protected":false},"author":10,"featured_media":0,"parent":0,"menu_order":0,"comment_status":"closed","ping_status":"closed","template":"","meta":{"_acf_changed":false,"_lmt_disableupdate":"","_lmt_disable":"","footnotes":""},"class_list":["post-31917","page","type-page","status-publish","hentry"],"acf":[],"yoast_head":"<!-- This site is optimized with the Yoast SEO plugin v23.9 - https:\/\/yoast.com\/wordpress\/plugins\/seo\/ -->\n<title>Bourses d\u2019\u00e9tudes pour b\u00e9n\u00e9voles &#8211; All Seniors Care<\/title>\n<meta name=\"robots\" content=\"noindex, follow, max-snippet:-1, max-image-preview:large, max-video-preview:-1\" \/>\n<meta property=\"og:locale\" content=\"fr_FR\" \/>\n<meta property=\"og:type\" content=\"article\" \/>\n<meta property=\"og:title\" content=\"Bourses d\u2019\u00e9tudes pour b\u00e9n\u00e9voles &#8211; All Seniors Care\" \/>\n<meta property=\"og:description\" content=\"Nous sommes heureux de vous pr\u00e9senter notre tout nouveau programme de bourses d\u2019\u00e9tudes All Seniors Care. All Seniors Care est  read more\" \/>\n<meta property=\"og:url\" content=\"https:\/\/asc.hellowebsites.ca\/fr\/bourses-detudes-pour-benevoles\/\" \/>\n<meta property=\"og:site_name\" content=\"All Seniors Care\" \/>\n<meta property=\"article:publisher\" content=\"https:\/\/www.facebook.com\/allseniorscare\/?fref=ts\" \/>\n<meta property=\"article:modified_time\" content=\"2019-08-30T14:08:12+00:00\" \/>\n<meta property=\"og:image\" content=\"https:\/\/asc.hellowebsites.ca\/wp-content\/uploads\/2019\/08\/Volunteer_Poster_colour_FREN2-791x1024.png\" \/>\n<meta name=\"twitter:card\" content=\"summary_large_image\" \/>\n<meta name=\"twitter:site\" content=\"@AllSeniorsCare\" \/>\n<meta name=\"twitter:label1\" content=\"Dur\u00e9e de lecture estim\u00e9e\" \/>\n\t<meta name=\"twitter:data1\" content=\"1 minute\" \/>\n<script type=\"application\/ld+json\" class=\"yoast-schema-graph\">{\"@context\":\"https:\/\/schema.org\",\"@graph\":[{\"@type\":\"WebPage\",\"@id\":\"https:\/\/asc.hellowebsites.ca\/fr\/bourses-detudes-pour-benevoles\/\",\"url\":\"https:\/\/asc.hellowebsites.ca\/fr\/bourses-detudes-pour-benevoles\/\",\"name\":\"Bourses d\u2019\u00e9tudes pour b\u00e9n\u00e9voles &#8211; All Seniors Care\",\"isPartOf\":{\"@id\":\"https:\/\/asc.hellowebsites.ca\/#website\"},\"primaryImageOfPage\":{\"@id\":\"https:\/\/asc.hellowebsites.ca\/fr\/bourses-detudes-pour-benevoles\/#primaryimage\"},\"image\":{\"@id\":\"https:\/\/asc.hellowebsites.ca\/fr\/bourses-detudes-pour-benevoles\/#primaryimage\"},\"thumbnailUrl\":\"https:\/\/asc.hellowebsites.ca\/wp-content\/uploads\/2019\/08\/Volunteer_Poster_colour_FREN2-791x1024.png\",\"datePublished\":\"2019-08-30T14:02:09+00:00\",\"dateModified\":\"2019-08-30T14:08:12+00:00\",\"breadcrumb\":{\"@id\":\"https:\/\/asc.hellowebsites.ca\/fr\/bourses-detudes-pour-benevoles\/#breadcrumb\"},\"inLanguage\":\"fr-FR\",\"potentialAction\":[{\"@type\":\"ReadAction\",\"target\":[\"https:\/\/asc.hellowebsites.ca\/fr\/bourses-detudes-pour-benevoles\/\"]}]},{\"@type\":\"ImageObject\",\"inLanguage\":\"fr-FR\",\"@id\":\"https:\/\/asc.hellowebsites.ca\/fr\/bourses-detudes-pour-benevoles\/#primaryimage\",\"url\":\"https:\/\/asc.hellowebsites.ca\/wp-content\/uploads\/2019\/08\/Volunteer_Poster_colour_FREN2-791x1024.png\",\"contentUrl\":\"https:\/\/asc.hellowebsites.ca\/wp-content\/uploads\/2019\/08\/Volunteer_Poster_colour_FREN2-791x1024.png\"},{\"@type\":\"BreadcrumbList\",\"@id\":\"https:\/\/asc.hellowebsites.ca\/fr\/bourses-detudes-pour-benevoles\/#breadcrumb\",\"itemListElement\":[{\"@type\":\"ListItem\",\"position\":1,\"name\":\"Home\",\"item\":\"https:\/\/asc.hellowebsites.ca\/fr\/\"},{\"@type\":\"ListItem\",\"position\":2,\"name\":\"Bourses d\u2019\u00e9tudes pour b\u00e9n\u00e9voles\"}]},{\"@type\":\"WebSite\",\"@id\":\"https:\/\/asc.hellowebsites.ca\/#website\",\"url\":\"https:\/\/asc.hellowebsites.ca\/\",\"name\":\"All Seniors Care\",\"description\":\"Where caring is our number one concern. \u2122\",\"publisher\":{\"@id\":\"https:\/\/asc.hellowebsites.ca\/#organization\"},\"potentialAction\":[{\"@type\":\"SearchAction\",\"target\":{\"@type\":\"EntryPoint\",\"urlTemplate\":\"https:\/\/asc.hellowebsites.ca\/?s={search_term_string}\"},\"query-input\":{\"@type\":\"PropertyValueSpecification\",\"valueRequired\":true,\"valueName\":\"search_term_string\"}}],\"inLanguage\":\"fr-FR\"},{\"@type\":\"Organization\",\"@id\":\"https:\/\/asc.hellowebsites.ca\/#organization\",\"name\":\"All Seniors Care\",\"url\":\"https:\/\/asc.hellowebsites.ca\/\",\"logo\":{\"@type\":\"ImageObject\",\"inLanguage\":\"fr-FR\",\"@id\":\"https:\/\/asc.hellowebsites.ca\/#\/schema\/logo\/image\/\",\"url\":\"https:\/\/asc.hellowebsites.ca\/wp-content\/uploads\/2018\/11\/ASC-Logo-Square-1.jpg\",\"contentUrl\":\"https:\/\/asc.hellowebsites.ca\/wp-content\/uploads\/2018\/11\/ASC-Logo-Square-1.jpg\",\"width\":400,\"height\":400,\"caption\":\"All Seniors Care\"},\"image\":{\"@id\":\"https:\/\/asc.hellowebsites.ca\/#\/schema\/logo\/image\/\"},\"sameAs\":[\"https:\/\/www.facebook.com\/allseniorscare\/?fref=ts\",\"https:\/\/x.com\/AllSeniorsCare\",\"https:\/\/www.instagram.com\/allseniorscarelivingcentres\/\",\"https:\/\/www.linkedin.com\/company\/all-seniors-care-living-centres\/?trk=top_nav_home\",\"https:\/\/vm.tiktok.com\/ZSXafuYd\/\",\"https:\/\/www.youtube.com\/user\/allseniorscarelc\"]}]}<\/script>\n<!-- \/ Yoast SEO plugin. -->","yoast_head_json":{"title":"Bourses d\u2019\u00e9tudes pour b\u00e9n\u00e9voles &#8211; All Seniors Care","robots":{"index":"noindex","follow":"follow","max-snippet":"max-snippet:-1","max-image-preview":"max-image-preview:large","max-video-preview":"max-video-preview:-1"},"og_locale":"fr_FR","og_type":"article","og_title":"Bourses d\u2019\u00e9tudes pour b\u00e9n\u00e9voles &#8211; All Seniors Care","og_description":"Nous sommes heureux de vous pr\u00e9senter notre tout nouveau programme de bourses d\u2019\u00e9tudes All Seniors Care. All Seniors Care est  read more","og_url":"https:\/\/asc.hellowebsites.ca\/fr\/bourses-detudes-pour-benevoles\/","og_site_name":"All Seniors Care","article_publisher":"https:\/\/www.facebook.com\/allseniorscare\/?fref=ts","article_modified_time":"2019-08-30T14:08:12+00:00","og_image":[{"url":"https:\/\/asc.hellowebsites.ca\/wp-content\/uploads\/2019\/08\/Volunteer_Poster_colour_FREN2-791x1024.png"}],"twitter_card":"summary_large_image","twitter_site":"@AllSeniorsCare","twitter_misc":{"Dur\u00e9e de lecture estim\u00e9e":"1 minute"},"schema":{"@context":"https:\/\/schema.org","@graph":[{"@type":"WebPage","@id":"https:\/\/asc.hellowebsites.ca\/fr\/bourses-detudes-pour-benevoles\/","url":"https:\/\/asc.hellowebsites.ca\/fr\/bourses-detudes-pour-benevoles\/","name":"Bourses d\u2019\u00e9tudes pour b\u00e9n\u00e9voles &#8211; All Seniors Care","isPartOf":{"@id":"https:\/\/asc.hellowebsites.ca\/#website"},"primaryImageOfPage":{"@id":"https:\/\/asc.hellowebsites.ca\/fr\/bourses-detudes-pour-benevoles\/#primaryimage"},"image":{"@id":"https:\/\/asc.hellowebsites.ca\/fr\/bourses-detudes-pour-benevoles\/#primaryimage"},"thumbnailUrl":"https:\/\/asc.hellowebsites.ca\/wp-content\/uploads\/2019\/08\/Volunteer_Poster_colour_FREN2-791x1024.png","datePublished":"2019-08-30T14:02:09+00:00","dateModified":"2019-08-30T14:08:12+00:00","breadcrumb":{"@id":"https:\/\/asc.hellowebsites.ca\/fr\/bourses-detudes-pour-benevoles\/#breadcrumb"},"inLanguage":"fr-FR","potentialAction":[{"@type":"ReadAction","target":["https:\/\/asc.hellowebsites.ca\/fr\/bourses-detudes-pour-benevoles\/"]}]},{"@type":"ImageObject","inLanguage":"fr-FR","@id":"https:\/\/asc.hellowebsites.ca\/fr\/bourses-detudes-pour-benevoles\/#primaryimage","url":"https:\/\/asc.hellowebsites.ca\/wp-content\/uploads\/2019\/08\/Volunteer_Poster_colour_FREN2-791x1024.png","contentUrl":"https:\/\/asc.hellowebsites.ca\/wp-content\/uploads\/2019\/08\/Volunteer_Poster_colour_FREN2-791x1024.png"},{"@type":"BreadcrumbList","@id":"https:\/\/asc.hellowebsites.ca\/fr\/bourses-detudes-pour-benevoles\/#breadcrumb","itemListElement":[{"@type":"ListItem","position":1,"name":"Home","item":"https:\/\/asc.hellowebsites.ca\/fr\/"},{"@type":"ListItem","position":2,"name":"Bourses d\u2019\u00e9tudes pour b\u00e9n\u00e9voles"}]},{"@type":"WebSite","@id":"https:\/\/asc.hellowebsites.ca\/#website","url":"https:\/\/asc.hellowebsites.ca\/","name":"All Seniors Care","description":"Where caring is our number one concern. \u2122","publisher":{"@id":"https:\/\/asc.hellowebsites.ca\/#organization"},"potentialAction":[{"@type":"SearchAction","target":{"@type":"EntryPoint","urlTemplate":"https:\/\/asc.hellowebsites.ca\/?s={search_term_string}"},"query-input":{"@type":"PropertyValueSpecification","valueRequired":true,"valueName":"search_term_string"}}],"inLanguage":"fr-FR"},{"@type":"Organization","@id":"https:\/\/asc.hellowebsites.ca\/#organization","name":"All Seniors Care","url":"https:\/\/asc.hellowebsites.ca\/","logo":{"@type":"ImageObject","inLanguage":"fr-FR","@id":"https:\/\/asc.hellowebsites.ca\/#\/schema\/logo\/image\/","url":"https:\/\/asc.hellowebsites.ca\/wp-content\/uploads\/2018\/11\/ASC-Logo-Square-1.jpg","contentUrl":"https:\/\/asc.hellowebsites.ca\/wp-content\/uploads\/2018\/11\/ASC-Logo-Square-1.jpg","width":400,"height":400,"caption":"All Seniors Care"},"image":{"@id":"https:\/\/asc.hellowebsites.ca\/#\/schema\/logo\/image\/"},"sameAs":["https:\/\/www.facebook.com\/allseniorscare\/?fref=ts","https:\/\/x.com\/AllSeniorsCare","https:\/\/www.instagram.com\/allseniorscarelivingcentres\/","https:\/\/www.linkedin.com\/company\/all-seniors-care-living-centres\/?trk=top_nav_home","https:\/\/vm.tiktok.com\/ZSXafuYd\/","https:\/\/www.youtube.com\/user\/allseniorscarelc"]}]}},"_links":{"self":[{"href":"https:\/\/asc.hellowebsites.ca\/fr\/wp-json\/wp\/v2\/pages\/31917","targetHints":{"allow":["GET"]}}],"collection":[{"href":"https:\/\/asc.hellowebsites.ca\/fr\/wp-json\/wp\/v2\/pages"}],"about":[{"href":"https:\/\/asc.hellowebsites.ca\/fr\/wp-json\/wp\/v2\/types\/page"}],"author":[{"embeddable":true,"href":"https:\/\/asc.hellowebsites.ca\/fr\/wp-json\/wp\/v2\/users\/10"}],"replies":[{"embeddable":true,"href":"https:\/\/asc.hellowebsites.ca\/fr\/wp-json\/wp\/v2\/comments?post=31917"}],"version-history":[{"count":0,"href":"https:\/\/asc.hellowebsites.ca\/fr\/wp-json\/wp\/v2\/pages\/31917\/revisions"}],"wp:attachment":[{"href":"https:\/\/asc.hellowebsites.ca\/fr\/wp-json\/wp\/v2\/media?parent=31917"}],"curies":[{"name":"wp","href":"https:\/\/api.w.org\/{rel}","templated":true}]}}